{"id":254,"date":"2025-09-18T21:26:50","date_gmt":"2025-09-18T19:26:50","guid":{"rendered":"https:\/\/latableduberger.fr\/?page_id=254"},"modified":"2026-03-18T10:12:01","modified_gmt":"2026-03-18T09:12:01","slug":"reservation","status":"publish","type":"page","link":"https:\/\/latableduberger.fr\/index.php\/reservation\/","title":{"rendered":"R\u00e9servation"},"content":{"rendered":"\n<p><strong>Ouverture saisonni\u00e8re <\/strong>: de retour le 1er mai <\/p>\n\n\n\n<p><\/p>\n\n\n\n<p><\/p>\n\n\n\n<p>Voici un raccourci pour r\u00e9server chez nous. Veuillez noter que toute demande de r\u00e9servation fera l\u2019objet d\u2019une confirmation de notre part. Sans r\u00e9ponse de notre \u00e9quipe, votre r\u00e9servation ne pourra \u00eatre consid\u00e9r\u00e9e comme valid\u00e9e.<\/p>\n\n\n\n<p>Nous sommes ouverts du mercredi midi au dimanche soir. Nous prenons les r\u00e9servations entre 12h et 13h30 le midi et entre 19h et 20h30 le soir. <\/p>\n\n\n\n<p>Merci de nous pr\u00e9ciser toutes les informations que vous pouvez juger utiles dans la partie \u00ab\u00a0Pr\u00e9cisions\u00a0\u00bb. Cela nous permettra de vous accueillir dans les meilleures conditions possibles. <\/p>\n\n\n\n<div class=\"wpcf7 no-js\" id=\"wpcf7-f257-o1\" lang=\"fr-FR\" dir=\"ltr\" data-wpcf7-id=\"257\">\n<div class=\"screen-reader-response\"><p role=\"status\" aria-live=\"polite\" aria-atomic=\"true\"><\/p> <ul><\/ul><\/div>\n<form action=\"\/index.php\/wp-json\/wp\/v2\/pages\/254#wpcf7-f257-o1\" method=\"post\" class=\"wpcf7-form init\" aria-label=\"Formulaire de contact\" novalidate=\"novalidate\" data-status=\"init\">\n<fieldset class=\"hidden-fields-container\"><input type=\"hidden\" name=\"_wpcf7\" value=\"257\" \/><input type=\"hidden\" name=\"_wpcf7_version\" value=\"6.1.5\" \/><input type=\"hidden\" name=\"_wpcf7_locale\" value=\"fr_FR\" \/><input type=\"hidden\" name=\"_wpcf7_unit_tag\" value=\"wpcf7-f257-o1\" \/><input type=\"hidden\" name=\"_wpcf7_container_post\" value=\"0\" \/><input type=\"hidden\" name=\"_wpcf7_posted_data_hash\" value=\"\" \/>\n<\/fieldset>\n<p><label>Nom et pr\u00e9nom<br \/>\n<span class=\"wpcf7-form-control-wrap\" data-name=\"nom-prenom\"><input size=\"40\" maxlength=\"400\" class=\"wpcf7-form-control wpcf7-text wpcf7-validates-as-required\" aria-required=\"true\" aria-invalid=\"false\" placeholder=\"Votre nom et pr\u00e9nom\" value=\"\" type=\"text\" name=\"nom-prenom\" \/><\/span><br \/>\n<\/label>\n<\/p>\n<p><label>Num\u00e9ro de t\u00e9l\u00e9phone<br \/>\n<span class=\"wpcf7-form-control-wrap\" data-name=\"telephone\"><input size=\"40\" maxlength=\"400\" class=\"wpcf7-form-control wpcf7-tel wpcf7-validates-as-required wpcf7-text wpcf7-validates-as-tel\" aria-required=\"true\" aria-invalid=\"false\" placeholder=\"06 12 34 56 78\" value=\"\" type=\"tel\" name=\"telephone\" \/><\/span><br \/>\n<\/label>\n<\/p>\n<p><label>Adresse e-mail<br \/>\n<span class=\"wpcf7-form-control-wrap\" data-name=\"email\"><input size=\"40\" maxlength=\"400\" class=\"wpcf7-form-control wpcf7-email wpcf7-validates-as-required wpcf7-text wpcf7-validates-as-email\" aria-required=\"true\" aria-invalid=\"false\" placeholder=\"votreadresse@mail.com\" value=\"\" type=\"email\" name=\"email\" \/><\/span><br \/>\n<\/label>\n<\/p>\n<p><label>Nombre de personnes<br \/>\n<span class=\"wpcf7-form-control-wrap\" data-name=\"nb-personnes\"><input class=\"wpcf7-form-control wpcf7-number wpcf7-validates-as-required wpcf7-validates-as-number\" min=\"1\" aria-required=\"true\" aria-invalid=\"false\" placeholder=\"Ex: 4\" value=\"\" type=\"number\" name=\"nb-personnes\" \/><\/span><br \/>\n<\/label>\n<\/p>\n<p><label>Date de r\u00e9servation<br \/>\n<span class=\"wpcf7-form-control-wrap\" data-name=\"date-reservation\"><input class=\"wpcf7-form-control wpcf7-date wpcf7-validates-as-required wpcf7-validates-as-date\" aria-required=\"true\" aria-invalid=\"false\" value=\"\" type=\"date\" name=\"date-reservation\" \/><\/span><br \/>\n<\/label>\n<\/p>\n<p><label>Heure de r\u00e9servation<br \/>\n<span class=\"wpcf7-form-control-wrap\" data-name=\"heure-reservation\"><input size=\"40\" maxlength=\"400\" class=\"wpcf7-form-control wpcf7-text wpcf7-validates-as-required\" aria-required=\"true\" aria-invalid=\"false\" placeholder=\"De 12h00 \u00e0 13h30 ou 19h00 \u00e0 20h30\" value=\"\" type=\"text\" name=\"heure-reservation\" \/><\/span><br \/>\n<\/label>\n<\/p>\n<p><label>Pr\u00e9cisions (optionnel)<br \/>\n<span class=\"wpcf7-form-control-wrap\" data-name=\"precisions\"><textarea cols=\"40\" rows=\"10\" maxlength=\"2000\" class=\"wpcf7-form-control wpcf7-textarea\" aria-invalid=\"false\" placeholder=\"Merci de nous pr\u00e9ciser si vous avez des enfants n\u00e9cessitant chaise haute ou r\u00e9hausseur, une poussette, une allergie alimentaire ou toute autre information nous permettant de vous accueillir dans les meilleures conditions.\" name=\"precisions\"><\/textarea><\/span><br \/>\n<\/label>\n<\/p>\n<p><input class=\"wpcf7-form-control wpcf7-submit has-spinner\" type=\"submit\" value=\"Envoyer la demande de r\u00e9servation\" \/>\n<\/p><div class=\"wpcf7-response-output\" aria-hidden=\"true\"><\/div>\n<\/form>\n<\/div>\n\n\n\n\n<p><\/p>\n","protected":false},"excerpt":{"rendered":"<p>Ouverture saisonni\u00e8re : de retour le 1er mai Voici un raccourci pour r\u00e9server chez nous. Veuillez noter que toute demande de r\u00e9servation fera l\u2019objet d\u2019une confirmation de notre part. Sans r\u00e9ponse de notre \u00e9quipe, votre r\u00e9servation ne pourra \u00eatre consid\u00e9r\u00e9e comme valid\u00e9e. Nous sommes ouverts du mercredi midi au dimanche soir. Nous prenons les r\u00e9servations [&hellip;]<\/p>\n","protected":false},"author":1,"featured_media":0,"parent":0,"menu_order":0,"comment_status":"closed","ping_status":"closed","template":"","meta":{"footnotes":""},"class_list":["post-254","page","type-page","status-publish","hentry"],"_links":{"self":[{"href":"https:\/\/latableduberger.fr\/index.php\/wp-json\/wp\/v2\/pages\/254","targetHints":{"allow":["GET"]}}],"collection":[{"href":"https:\/\/latableduberger.fr\/index.php\/wp-json\/wp\/v2\/pages"}],"about":[{"href":"https:\/\/latableduberger.fr\/index.php\/wp-json\/wp\/v2\/types\/page"}],"author":[{"embeddable":true,"href":"https:\/\/latableduberger.fr\/index.php\/wp-json\/wp\/v2\/users\/1"}],"replies":[{"embeddable":true,"href":"https:\/\/latableduberger.fr\/index.php\/wp-json\/wp\/v2\/comments?post=254"}],"version-history":[{"count":10,"href":"https:\/\/latableduberger.fr\/index.php\/wp-json\/wp\/v2\/pages\/254\/revisions"}],"predecessor-version":[{"id":307,"href":"https:\/\/latableduberger.fr\/index.php\/wp-json\/wp\/v2\/pages\/254\/revisions\/307"}],"wp:attachment":[{"href":"https:\/\/latableduberger.fr\/index.php\/wp-json\/wp\/v2\/media?parent=254"}],"curies":[{"name":"wp","href":"https:\/\/api.w.org\/{rel}","templated":true}]}}